{"id":339,"date":"2016-02-22T22:22:41","date_gmt":"2016-02-22T21:22:41","guid":{"rendered":"http:\/\/www.pe2sv.nl\/ontwikkel\/?page_id=339"},"modified":"2024-09-25T20:21:15","modified_gmt":"2024-09-25T18:21:15","slug":"over-ons","status":"publish","type":"page","link":"https:\/\/www.amrwr.nl\/?page_id=339","title":{"rendered":"Over ons"},"content":{"rendered":"<p>De doelstelling van het in 1980 opgerichte Austin Morris Riley Wolseley Register (AMRWR) is het in stand houden van en rijden met auto\u2019s die onder die vier merknamen gebouwd zijn. Elk type van deze merken is welkom en dit zorgt voor een grote verscheidenheid aan auto\u2019s binnen de club: van een voor-oorlogse Wolseley tot een Austin Princess of Maestro.<\/p>\n<p>Iedereen die een auto heeft van \u00e9\u00e9n van de merken Austin, Morris, Riley of Wolseley, of daar bijzonder in ge\u00efnteresseerd is, kan lid worden. Ook eigenaren en liefhebbers van de \u2018submerken\u2019 zoals, Vanden Plas,\u00a0 MG (Morris garages), Austin-Rover en MG-Rover zijn van harte welkom.<\/p>\n<p><a href=\"https:\/\/www.amrwr.nl\/wp-content\/uploads\/2024\/09\/Afschrift-akte-statutenwijziging-Austin-Morris-Riley-Wolseley-Register.pdf\" target=\"_blank\" rel=\"noopener\">Statuten AMRWR<\/a><\/p>\n<p><a href=\"http:\/\/www.amrwr.nl\/wp-content\/uploads\/2016\/02\/waalwijk.jpg\"><img loading=\"lazy\" decoding=\"async\" class=\"aligncenter wp-image-1981 size-full\" src=\"http:\/\/www.amrwr.nl\/wp-content\/uploads\/2016\/02\/waalwijk.jpg\" width=\"1600\" height=\"309\" srcset=\"https:\/\/www.amrwr.nl\/wp-content\/uploads\/2016\/02\/waalwijk.jpg 1600w, https:\/\/www.amrwr.nl\/wp-content\/uploads\/2016\/02\/waalwijk-300x58.jpg 300w, https:\/\/www.amrwr.nl\/wp-content\/uploads\/2016\/02\/waalwijk-768x148.jpg 768w, https:\/\/www.amrwr.nl\/wp-content\/uploads\/2016\/02\/waalwijk-1024x198.jpg 1024w\" sizes=\"(max-width: 1600px) 100vw, 1600px\" \/><\/a><\/p>\n","protected":false},"excerpt":{"rendered":"<p>De doelstelling van het in 1980 opgerichte Austin Morris Riley Wolseley Register (AMRWR) is het in stand houden van en rijden met auto\u2019s die onder die vier merknamen gebouwd zijn. Elk type van deze merken is welkom en dit zorgt voor een grote verscheidenheid aan auto\u2019s binnen de club: van&#8230;<\/p>\n","protected":false},"author":7,"featured_media":0,"parent":0,"menu_order":1,"comment_status":"closed","ping_status":"closed","template":"","meta":{"_bbp_topic_count":0,"_bbp_reply_count":0,"_bbp_total_topic_count":0,"_bbp_total_reply_count":0,"_bbp_voice_count":0,"_bbp_anonymous_reply_count":0,"_bbp_topic_count_hidden":0,"_bbp_reply_count_hidden":0,"_bbp_forum_subforum_count":0,"footnotes":""},"class_list":["post-339","page","type-page","status-publish","hentry"],"_links":{"self":[{"href":"https:\/\/www.amrwr.nl\/index.php?rest_route=\/wp\/v2\/pages\/339"}],"collection":[{"href":"https:\/\/www.amrwr.nl\/index.php?rest_route=\/wp\/v2\/pages"}],"about":[{"href":"https:\/\/www.amrwr.nl\/index.php?rest_route=\/wp\/v2\/types\/page"}],"author":[{"embeddable":true,"href":"https:\/\/www.amrwr.nl\/index.php?rest_route=\/wp\/v2\/users\/7"}],"replies":[{"embeddable":true,"href":"https:\/\/www.amrwr.nl\/index.php?rest_route=%2Fwp%2Fv2%2Fcomments&post=339"}],"version-history":[{"count":9,"href":"https:\/\/www.amrwr.nl\/index.php?rest_route=\/wp\/v2\/pages\/339\/revisions"}],"predecessor-version":[{"id":17339,"href":"https:\/\/www.amrwr.nl\/index.php?rest_route=\/wp\/v2\/pages\/339\/revisions\/17339"}],"wp:attachment":[{"href":"https:\/\/www.amrwr.nl\/index.php?rest_route=%2Fwp%2Fv2%2Fmedia&parent=339"}],"curies":[{"name":"wp","href":"https:\/\/api.w.org\/{rel}","templated":true}]}}